{"id":604,"date":"2025-02-27T11:19:05","date_gmt":"2025-02-27T10:19:05","guid":{"rendered":"https:\/\/www.zircontree.com\/?page_id=604"},"modified":"2025-06-10T17:40:25","modified_gmt":"2025-06-10T15:40:25","slug":"retail-media","status":"publish","type":"page","link":"https:\/\/www.zircontree.com\/sk\/retail-media\/","title":{"rendered":"Retail Media"},"content":{"rendered":"","protected":false},"excerpt":{"rendered":"","protected":false},"author":1,"featured_media":0,"parent":0,"menu_order":0,"comment_status":"closed","ping_status":"closed","template":"template-retail-media.php","meta":{"_acf_changed":false,"footnotes":""},"class_list":["post-604","page","type-page","status-publish","hentry"],"acf":[],"yoast_head":"<!-- This site is optimized with the Yoast SEO plugin v24.5 - https:\/\/yoast.com\/wordpress\/plugins\/seo\/ -->\n<title>Retail Media - Zircon Tree<\/title>\n<meta name=\"description\" content=\"Pomocou Retail Media od Zircon Tree m\u00f4\u017eete zbiera\u0165 cenn\u00e9 d\u00e1ta, monitorova\u0165 n\u00e1kupn\u00e9 spr\u00e1vanie va\u0161ich z\u00e1kazn\u00edkov a vytv\u00e1ra\u0165 publik\u00e1 pre cielenie reklamy.\" \/>\n<meta name=\"robots\" content=\"index, follow, max-snippet:-1, max-image-preview:large, max-video-preview:-1\" \/>\n<link rel=\"canonical\" href=\"https:\/\/www.zircontree.com\/retail-media\/\" \/>\n<meta property=\"og:locale\" content=\"sk_SK\" \/>\n<meta property=\"og:type\" content=\"article\" \/>\n<meta property=\"og:title\" content=\"Retail Media - Zircon Tree\" \/>\n<meta property=\"og:description\" content=\"Pomocou Retail Media od Zircon Tree m\u00f4\u017eete zbiera\u0165 cenn\u00e9 d\u00e1ta, monitorova\u0165 n\u00e1kupn\u00e9 spr\u00e1vanie va\u0161ich z\u00e1kazn\u00edkov a vytv\u00e1ra\u0165 publik\u00e1 pre cielenie reklamy.\" \/>\n<meta property=\"og:url\" content=\"https:\/\/www.zircontree.com\/retail-media\/\" \/>\n<meta property=\"og:site_name\" content=\"Zircon Tree\" \/>\n<meta property=\"article:modified_time\" content=\"2025-06-10T15:40:25+00:00\" \/>\n<meta property=\"og:image\" content=\"https:\/\/www.zircontree.com\/wp-content\/uploads\/2025\/02\/retailmedia.jpg\" \/>\n\t<meta property=\"og:image:width\" content=\"1200\" \/>\n\t<meta property=\"og:image:height\" content=\"630\" \/>\n\t<meta property=\"og:image:type\" content=\"image\/jpeg\" \/>\n<meta name=\"twitter:card\" content=\"summary_large_image\" \/>\n<script type=\"application\/ld+json\" class=\"yoast-schema-graph\">{\"@context\":\"https:\/\/schema.org\",\"@graph\":[{\"@type\":\"WebPage\",\"@id\":\"https:\/\/www.zircontree.com\/retail-media\/\",\"url\":\"https:\/\/www.zircontree.com\/retail-media\/\",\"name\":\"Retail Media - Zircon Tree\",\"isPartOf\":{\"@id\":\"https:\/\/www.zircontree.com\/#website\"},\"datePublished\":\"2025-02-27T10:19:05+00:00\",\"dateModified\":\"2025-06-10T15:40:25+00:00\",\"description\":\"Pomocou Retail Media od Zircon Tree m\u00f4\u017eete zbiera\u0165 cenn\u00e9 d\u00e1ta, monitorova\u0165 n\u00e1kupn\u00e9 spr\u00e1vanie va\u0161ich z\u00e1kazn\u00edkov a vytv\u00e1ra\u0165 publik\u00e1 pre cielenie reklamy.\",\"breadcrumb\":{\"@id\":\"https:\/\/www.zircontree.com\/retail-media\/#breadcrumb\"},\"inLanguage\":\"sk-SK\",\"potentialAction\":[{\"@type\":\"ReadAction\",\"target\":[\"https:\/\/www.zircontree.com\/retail-media\/\"]}]},{\"@type\":\"BreadcrumbList\",\"@id\":\"https:\/\/www.zircontree.com\/retail-media\/#breadcrumb\",\"itemListElement\":[{\"@type\":\"ListItem\",\"position\":1,\"name\":\"Domovsk\u00e1 str\u00e1nka\",\"item\":\"https:\/\/www.zircontree.com\/\"},{\"@type\":\"ListItem\",\"position\":2,\"name\":\"Retail Media\"}]},{\"@type\":\"WebSite\",\"@id\":\"https:\/\/www.zircontree.com\/#website\",\"url\":\"https:\/\/www.zircontree.com\/\",\"name\":\"Zircon Tree\",\"description\":\"\",\"potentialAction\":[{\"@type\":\"SearchAction\",\"target\":{\"@type\":\"EntryPoint\",\"urlTemplate\":\"https:\/\/www.zircontree.com\/?s={search_term_string}\"},\"query-input\":{\"@type\":\"PropertyValueSpecification\",\"valueRequired\":true,\"valueName\":\"search_term_string\"}}],\"inLanguage\":\"sk-SK\"}]}<\/script>\n<!-- \/ Yoast SEO plugin. -->","yoast_head_json":{"title":"Retail Media - Zircon Tree","description":"Pomocou Retail Media od Zircon Tree m\u00f4\u017eete zbiera\u0165 cenn\u00e9 d\u00e1ta, monitorova\u0165 n\u00e1kupn\u00e9 spr\u00e1vanie va\u0161ich z\u00e1kazn\u00edkov a vytv\u00e1ra\u0165 publik\u00e1 pre cielenie reklamy.","robots":{"index":"index","follow":"follow","max-snippet":"max-snippet:-1","max-image-preview":"max-image-preview:large","max-video-preview":"max-video-preview:-1"},"canonical":"https:\/\/www.zircontree.com\/retail-media\/","og_locale":"sk_SK","og_type":"article","og_title":"Retail Media - Zircon Tree","og_description":"Pomocou Retail Media od Zircon Tree m\u00f4\u017eete zbiera\u0165 cenn\u00e9 d\u00e1ta, monitorova\u0165 n\u00e1kupn\u00e9 spr\u00e1vanie va\u0161ich z\u00e1kazn\u00edkov a vytv\u00e1ra\u0165 publik\u00e1 pre cielenie reklamy.","og_url":"https:\/\/www.zircontree.com\/retail-media\/","og_site_name":"Zircon Tree","article_modified_time":"2025-06-10T15:40:25+00:00","og_image":[{"width":1200,"height":630,"url":"https:\/\/www.zircontree.com\/wp-content\/uploads\/2025\/02\/retailmedia.jpg","type":"image\/jpeg"}],"twitter_card":"summary_large_image","schema":{"@context":"https:\/\/schema.org","@graph":[{"@type":"WebPage","@id":"https:\/\/www.zircontree.com\/retail-media\/","url":"https:\/\/www.zircontree.com\/retail-media\/","name":"Retail Media - Zircon Tree","isPartOf":{"@id":"https:\/\/www.zircontree.com\/#website"},"datePublished":"2025-02-27T10:19:05+00:00","dateModified":"2025-06-10T15:40:25+00:00","description":"Pomocou Retail Media od Zircon Tree m\u00f4\u017eete zbiera\u0165 cenn\u00e9 d\u00e1ta, monitorova\u0165 n\u00e1kupn\u00e9 spr\u00e1vanie va\u0161ich z\u00e1kazn\u00edkov a vytv\u00e1ra\u0165 publik\u00e1 pre cielenie reklamy.","breadcrumb":{"@id":"https:\/\/www.zircontree.com\/retail-media\/#breadcrumb"},"inLanguage":"sk-SK","potentialAction":[{"@type":"ReadAction","target":["https:\/\/www.zircontree.com\/retail-media\/"]}]},{"@type":"BreadcrumbList","@id":"https:\/\/www.zircontree.com\/retail-media\/#breadcrumb","itemListElement":[{"@type":"ListItem","position":1,"name":"Domovsk\u00e1 str\u00e1nka","item":"https:\/\/www.zircontree.com\/"},{"@type":"ListItem","position":2,"name":"Retail Media"}]},{"@type":"WebSite","@id":"https:\/\/www.zircontree.com\/#website","url":"https:\/\/www.zircontree.com\/","name":"Zircon Tree","description":"","potentialAction":[{"@type":"SearchAction","target":{"@type":"EntryPoint","urlTemplate":"https:\/\/www.zircontree.com\/?s={search_term_string}"},"query-input":{"@type":"PropertyValueSpecification","valueRequired":true,"valueName":"search_term_string"}}],"inLanguage":"sk-SK"}]}},"_links":{"self":[{"href":"https:\/\/www.zircontree.com\/sk\/wp-json\/wp\/v2\/pages\/604","targetHints":{"allow":["GET"]}}],"collection":[{"href":"https:\/\/www.zircontree.com\/sk\/wp-json\/wp\/v2\/pages"}],"about":[{"href":"https:\/\/www.zircontree.com\/sk\/wp-json\/wp\/v2\/types\/page"}],"author":[{"embeddable":true,"href":"https:\/\/www.zircontree.com\/sk\/wp-json\/wp\/v2\/users\/1"}],"replies":[{"embeddable":true,"href":"https:\/\/www.zircontree.com\/sk\/wp-json\/wp\/v2\/comments?post=604"}],"version-history":[{"count":20,"href":"https:\/\/www.zircontree.com\/sk\/wp-json\/wp\/v2\/pages\/604\/revisions"}],"predecessor-version":[{"id":1517,"href":"https:\/\/www.zircontree.com\/sk\/wp-json\/wp\/v2\/pages\/604\/revisions\/1517"}],"wp:attachment":[{"href":"https:\/\/www.zircontree.com\/sk\/wp-json\/wp\/v2\/media?parent=604"}],"curies":[{"name":"wp","href":"https:\/\/api.w.org\/{rel}","templated":true}]}}