{"id":1595,"date":"2025-07-17T16:10:27","date_gmt":"2025-07-17T14:10:27","guid":{"rendered":"https:\/\/www.zircontree.com\/?page_id=1595"},"modified":"2026-02-23T10:54:24","modified_gmt":"2026-02-23T09:54:24","slug":"kariera","status":"publish","type":"page","link":"https:\/\/www.zircontree.com\/sk\/kariera\/","title":{"rendered":"Kari\u00e9ra"},"content":{"rendered":"","protected":false},"excerpt":{"rendered":"","protected":false},"author":5,"featured_media":0,"parent":0,"menu_order":0,"comment_status":"closed","ping_status":"closed","template":"template-retail-media.php","meta":{"_acf_changed":false,"footnotes":""},"class_list":["post-1595","page","type-page","status-publish","hentry"],"acf":[],"yoast_head":"<!-- This site is optimized with the Yoast SEO plugin v24.5 - https:\/\/yoast.com\/wordpress\/plugins\/seo\/ -->\n<title>Kari\u00e9ra - Zircon Tree<\/title>\n<meta name=\"description\" content=\"Pomocou Retail Media od Zircon Tree m\u00f4\u017eete zbiera\u0165 cenn\u00e9 d\u00e1ta, monitorova\u0165 n\u00e1kupn\u00e9 spr\u00e1vanie va\u0161ich z\u00e1kazn\u00edkov a vytv\u00e1ra\u0165 publik\u00e1 pre cielenie reklamy.\" \/>\n<meta name=\"robots\" content=\"index, follow, max-snippet:-1, max-image-preview:large, max-video-preview:-1\" \/>\n<link rel=\"canonical\" href=\"https:\/\/www.zircontree.com\/sk\/kariera\/\" \/>\n<meta property=\"og:locale\" content=\"sk_SK\" \/>\n<meta property=\"og:type\" content=\"article\" \/>\n<meta property=\"og:title\" content=\"Kari\u00e9ra - Zircon Tree\" \/>\n<meta property=\"og:description\" content=\"Pomocou Retail Media od Zircon Tree m\u00f4\u017eete zbiera\u0165 cenn\u00e9 d\u00e1ta, monitorova\u0165 n\u00e1kupn\u00e9 spr\u00e1vanie va\u0161ich z\u00e1kazn\u00edkov a vytv\u00e1ra\u0165 publik\u00e1 pre cielenie reklamy.\" \/>\n<meta property=\"og:url\" content=\"https:\/\/www.zircontree.com\/sk\/kariera\/\" \/>\n<meta property=\"og:site_name\" content=\"Zircon Tree\" \/>\n<meta property=\"article:modified_time\" content=\"2026-02-23T09:54:24+00:00\" \/>\n<meta property=\"og:image\" content=\"https:\/\/www.zircontree.com\/wp-content\/uploads\/2025\/02\/retailmedia.jpg\" \/>\n\t<meta property=\"og:image:width\" content=\"1200\" \/>\n\t<meta property=\"og:image:height\" content=\"630\" \/>\n\t<meta property=\"og:image:type\" content=\"image\/jpeg\" \/>\n<meta name=\"twitter:card\" content=\"summary_large_image\" \/>\n<script type=\"application\/ld+json\" class=\"yoast-schema-graph\">{\"@context\":\"https:\/\/schema.org\",\"@graph\":[{\"@type\":\"WebPage\",\"@id\":\"https:\/\/www.zircontree.com\/sk\/kariera\/\",\"url\":\"https:\/\/www.zircontree.com\/sk\/kariera\/\",\"name\":\"Kari\u00e9ra - Zircon Tree\",\"isPartOf\":{\"@id\":\"https:\/\/www.zircontree.com\/#website\"},\"datePublished\":\"2025-07-17T14:10:27+00:00\",\"dateModified\":\"2026-02-23T09:54:24+00:00\",\"description\":\"Pomocou Retail Media od Zircon Tree m\u00f4\u017eete zbiera\u0165 cenn\u00e9 d\u00e1ta, monitorova\u0165 n\u00e1kupn\u00e9 spr\u00e1vanie va\u0161ich z\u00e1kazn\u00edkov a vytv\u00e1ra\u0165 publik\u00e1 pre cielenie reklamy.\",\"breadcrumb\":{\"@id\":\"https:\/\/www.zircontree.com\/sk\/kariera\/#breadcrumb\"},\"inLanguage\":\"sk-SK\",\"potentialAction\":[{\"@type\":\"ReadAction\",\"target\":[\"https:\/\/www.zircontree.com\/sk\/kariera\/\"]}]},{\"@type\":\"BreadcrumbList\",\"@id\":\"https:\/\/www.zircontree.com\/sk\/kariera\/#breadcrumb\",\"itemListElement\":[{\"@type\":\"ListItem\",\"position\":1,\"name\":\"Domovsk\u00e1 str\u00e1nka\",\"item\":\"https:\/\/www.zircontree.com\/\"},{\"@type\":\"ListItem\",\"position\":2,\"name\":\"Kari\u00e9ra\"}]},{\"@type\":\"WebSite\",\"@id\":\"https:\/\/www.zircontree.com\/#website\",\"url\":\"https:\/\/www.zircontree.com\/\",\"name\":\"Zircon Tree\",\"description\":\"\",\"potentialAction\":[{\"@type\":\"SearchAction\",\"target\":{\"@type\":\"EntryPoint\",\"urlTemplate\":\"https:\/\/www.zircontree.com\/?s={search_term_string}\"},\"query-input\":{\"@type\":\"PropertyValueSpecification\",\"valueRequired\":true,\"valueName\":\"search_term_string\"}}],\"inLanguage\":\"sk-SK\"}]}<\/script>\n<!-- \/ Yoast SEO plugin. -->","yoast_head_json":{"title":"Kari\u00e9ra - Zircon Tree","description":"Pomocou Retail Media od Zircon Tree m\u00f4\u017eete zbiera\u0165 cenn\u00e9 d\u00e1ta, monitorova\u0165 n\u00e1kupn\u00e9 spr\u00e1vanie va\u0161ich z\u00e1kazn\u00edkov a vytv\u00e1ra\u0165 publik\u00e1 pre cielenie reklamy.","robots":{"index":"index","follow":"follow","max-snippet":"max-snippet:-1","max-image-preview":"max-image-preview:large","max-video-preview":"max-video-preview:-1"},"canonical":"https:\/\/www.zircontree.com\/sk\/kariera\/","og_locale":"sk_SK","og_type":"article","og_title":"Kari\u00e9ra - Zircon Tree","og_description":"Pomocou Retail Media od Zircon Tree m\u00f4\u017eete zbiera\u0165 cenn\u00e9 d\u00e1ta, monitorova\u0165 n\u00e1kupn\u00e9 spr\u00e1vanie va\u0161ich z\u00e1kazn\u00edkov a vytv\u00e1ra\u0165 publik\u00e1 pre cielenie reklamy.","og_url":"https:\/\/www.zircontree.com\/sk\/kariera\/","og_site_name":"Zircon Tree","article_modified_time":"2026-02-23T09:54:24+00:00","og_image":[{"width":1200,"height":630,"url":"https:\/\/www.zircontree.com\/wp-content\/uploads\/2025\/02\/retailmedia.jpg","type":"image\/jpeg"}],"twitter_card":"summary_large_image","schema":{"@context":"https:\/\/schema.org","@graph":[{"@type":"WebPage","@id":"https:\/\/www.zircontree.com\/sk\/kariera\/","url":"https:\/\/www.zircontree.com\/sk\/kariera\/","name":"Kari\u00e9ra - Zircon Tree","isPartOf":{"@id":"https:\/\/www.zircontree.com\/#website"},"datePublished":"2025-07-17T14:10:27+00:00","dateModified":"2026-02-23T09:54:24+00:00","description":"Pomocou Retail Media od Zircon Tree m\u00f4\u017eete zbiera\u0165 cenn\u00e9 d\u00e1ta, monitorova\u0165 n\u00e1kupn\u00e9 spr\u00e1vanie va\u0161ich z\u00e1kazn\u00edkov a vytv\u00e1ra\u0165 publik\u00e1 pre cielenie reklamy.","breadcrumb":{"@id":"https:\/\/www.zircontree.com\/sk\/kariera\/#breadcrumb"},"inLanguage":"sk-SK","potentialAction":[{"@type":"ReadAction","target":["https:\/\/www.zircontree.com\/sk\/kariera\/"]}]},{"@type":"BreadcrumbList","@id":"https:\/\/www.zircontree.com\/sk\/kariera\/#breadcrumb","itemListElement":[{"@type":"ListItem","position":1,"name":"Domovsk\u00e1 str\u00e1nka","item":"https:\/\/www.zircontree.com\/"},{"@type":"ListItem","position":2,"name":"Kari\u00e9ra"}]},{"@type":"WebSite","@id":"https:\/\/www.zircontree.com\/#website","url":"https:\/\/www.zircontree.com\/","name":"Zircon Tree","description":"","potentialAction":[{"@type":"SearchAction","target":{"@type":"EntryPoint","urlTemplate":"https:\/\/www.zircontree.com\/?s={search_term_string}"},"query-input":{"@type":"PropertyValueSpecification","valueRequired":true,"valueName":"search_term_string"}}],"inLanguage":"sk-SK"}]}},"_links":{"self":[{"href":"https:\/\/www.zircontree.com\/sk\/wp-json\/wp\/v2\/pages\/1595","targetHints":{"allow":["GET"]}}],"collection":[{"href":"https:\/\/www.zircontree.com\/sk\/wp-json\/wp\/v2\/pages"}],"about":[{"href":"https:\/\/www.zircontree.com\/sk\/wp-json\/wp\/v2\/types\/page"}],"author":[{"embeddable":true,"href":"https:\/\/www.zircontree.com\/sk\/wp-json\/wp\/v2\/users\/5"}],"replies":[{"embeddable":true,"href":"https:\/\/www.zircontree.com\/sk\/wp-json\/wp\/v2\/comments?post=1595"}],"version-history":[{"count":10,"href":"https:\/\/www.zircontree.com\/sk\/wp-json\/wp\/v2\/pages\/1595\/revisions"}],"predecessor-version":[{"id":1922,"href":"https:\/\/www.zircontree.com\/sk\/wp-json\/wp\/v2\/pages\/1595\/revisions\/1922"}],"wp:attachment":[{"href":"https:\/\/www.zircontree.com\/sk\/wp-json\/wp\/v2\/media?parent=1595"}],"curies":[{"name":"wp","href":"https:\/\/api.w.org\/{rel}","templated":true}]}}