{"id":1886,"date":"2026-01-30T23:12:31","date_gmt":"2026-01-30T22:12:31","guid":{"rendered":"https:\/\/www.zircontree.com\/?page_id=1886"},"modified":"2026-01-30T23:12:31","modified_gmt":"2026-01-30T22:12:31","slug":"backend-engineer-medior-2","status":"publish","type":"page","link":"https:\/\/www.zircontree.com\/cs\/backend-engineer-medior-2\/","title":{"rendered":"Backend Engineer (Medior)"},"content":{"rendered":"","protected":false},"excerpt":{"rendered":"","protected":false},"author":5,"featured_media":0,"parent":0,"menu_order":0,"comment_status":"closed","ping_status":"closed","template":"template-retail-media.php","meta":{"_acf_changed":false,"footnotes":""},"class_list":["post-1886","page","type-page","status-publish","hentry"],"acf":[],"yoast_head":"<!-- This site is optimized with the Yoast SEO plugin v24.5 - https:\/\/yoast.com\/wordpress\/plugins\/seo\/ -->\n<title>Backend Engineer (Medior) - Zircon Tree<\/title>\n<meta name=\"description\" content=\"Do na\u0161eho t\u00fdmu hled\u00e1me Backend Engineera (Medior), kter\u00fd chce aktivn\u011b tvo\u0159it stabiln\u00ed, bezpe\u010dn\u00fd a \u0161k\u00e1lovateln\u00fd backend.\" \/>\n<meta name=\"robots\" content=\"index, follow, max-snippet:-1, max-image-preview:large, max-video-preview:-1\" \/>\n<link rel=\"canonical\" href=\"https:\/\/www.zircontree.com\/cs\/backend-engineer-medior-2\/\" \/>\n<meta property=\"og:locale\" content=\"cs_CZ\" \/>\n<meta property=\"og:type\" content=\"article\" \/>\n<meta property=\"og:title\" content=\"Backend Engineer (Medior) - Zircon Tree\" \/>\n<meta property=\"og:description\" content=\"Do na\u0161eho t\u00fdmu hled\u00e1me Backend Engineera (Medior), kter\u00fd chce aktivn\u011b tvo\u0159it stabiln\u00ed, bezpe\u010dn\u00fd a \u0161k\u00e1lovateln\u00fd backend.\" \/>\n<meta property=\"og:url\" content=\"https:\/\/www.zircontree.com\/cs\/backend-engineer-medior-2\/\" \/>\n<meta property=\"og:site_name\" content=\"Zircon Tree\" \/>\n<meta property=\"og:image\" content=\"https:\/\/www.zircontree.com\/wp-content\/uploads\/2025\/02\/retailmedia.jpg\" \/>\n\t<meta property=\"og:image:width\" content=\"1200\" \/>\n\t<meta property=\"og:image:height\" content=\"630\" \/>\n\t<meta property=\"og:image:type\" content=\"image\/jpeg\" \/>\n<meta name=\"twitter:card\" content=\"summary_large_image\" \/>\n<script type=\"application\/ld+json\" class=\"yoast-schema-graph\">{\"@context\":\"https:\/\/schema.org\",\"@graph\":[{\"@type\":\"WebPage\",\"@id\":\"https:\/\/www.zircontree.com\/cs\/backend-engineer-medior-2\/\",\"url\":\"https:\/\/www.zircontree.com\/cs\/backend-engineer-medior-2\/\",\"name\":\"Backend Engineer (Medior) - Zircon Tree\",\"isPartOf\":{\"@id\":\"https:\/\/www.zircontree.com\/#website\"},\"datePublished\":\"2026-01-30T22:12:31+00:00\",\"description\":\"Do na\u0161eho t\u00fdmu hled\u00e1me Backend Engineera (Medior), kter\u00fd chce aktivn\u011b tvo\u0159it stabiln\u00ed, bezpe\u010dn\u00fd a \u0161k\u00e1lovateln\u00fd backend.\",\"breadcrumb\":{\"@id\":\"https:\/\/www.zircontree.com\/cs\/backend-engineer-medior-2\/#breadcrumb\"},\"inLanguage\":\"cs\",\"potentialAction\":[{\"@type\":\"ReadAction\",\"target\":[\"https:\/\/www.zircontree.com\/cs\/backend-engineer-medior-2\/\"]}]},{\"@type\":\"BreadcrumbList\",\"@id\":\"https:\/\/www.zircontree.com\/cs\/backend-engineer-medior-2\/#breadcrumb\",\"itemListElement\":[{\"@type\":\"ListItem\",\"position\":1,\"name\":\"Domovsk\u00e1 str\u00e1nka\",\"item\":\"https:\/\/www.zircontree.com\/cs\/\"},{\"@type\":\"ListItem\",\"position\":2,\"name\":\"Backend Engineer (Medior)\"}]},{\"@type\":\"WebSite\",\"@id\":\"https:\/\/www.zircontree.com\/#website\",\"url\":\"https:\/\/www.zircontree.com\/\",\"name\":\"Zircon Tree\",\"description\":\"\",\"potentialAction\":[{\"@type\":\"SearchAction\",\"target\":{\"@type\":\"EntryPoint\",\"urlTemplate\":\"https:\/\/www.zircontree.com\/?s={search_term_string}\"},\"query-input\":{\"@type\":\"PropertyValueSpecification\",\"valueRequired\":true,\"valueName\":\"search_term_string\"}}],\"inLanguage\":\"cs\"}]}<\/script>\n<!-- \/ Yoast SEO plugin. -->","yoast_head_json":{"title":"Backend Engineer (Medior) - Zircon Tree","description":"Do na\u0161eho t\u00fdmu hled\u00e1me Backend Engineera (Medior), kter\u00fd chce aktivn\u011b tvo\u0159it stabiln\u00ed, bezpe\u010dn\u00fd a \u0161k\u00e1lovateln\u00fd backend.","robots":{"index":"index","follow":"follow","max-snippet":"max-snippet:-1","max-image-preview":"max-image-preview:large","max-video-preview":"max-video-preview:-1"},"canonical":"https:\/\/www.zircontree.com\/cs\/backend-engineer-medior-2\/","og_locale":"cs_CZ","og_type":"article","og_title":"Backend Engineer (Medior) - Zircon Tree","og_description":"Do na\u0161eho t\u00fdmu hled\u00e1me Backend Engineera (Medior), kter\u00fd chce aktivn\u011b tvo\u0159it stabiln\u00ed, bezpe\u010dn\u00fd a \u0161k\u00e1lovateln\u00fd backend.","og_url":"https:\/\/www.zircontree.com\/cs\/backend-engineer-medior-2\/","og_site_name":"Zircon Tree","og_image":[{"width":1200,"height":630,"url":"https:\/\/www.zircontree.com\/wp-content\/uploads\/2025\/02\/retailmedia.jpg","type":"image\/jpeg"}],"twitter_card":"summary_large_image","schema":{"@context":"https:\/\/schema.org","@graph":[{"@type":"WebPage","@id":"https:\/\/www.zircontree.com\/cs\/backend-engineer-medior-2\/","url":"https:\/\/www.zircontree.com\/cs\/backend-engineer-medior-2\/","name":"Backend Engineer (Medior) - Zircon Tree","isPartOf":{"@id":"https:\/\/www.zircontree.com\/#website"},"datePublished":"2026-01-30T22:12:31+00:00","description":"Do na\u0161eho t\u00fdmu hled\u00e1me Backend Engineera (Medior), kter\u00fd chce aktivn\u011b tvo\u0159it stabiln\u00ed, bezpe\u010dn\u00fd a \u0161k\u00e1lovateln\u00fd backend.","breadcrumb":{"@id":"https:\/\/www.zircontree.com\/cs\/backend-engineer-medior-2\/#breadcrumb"},"inLanguage":"cs","potentialAction":[{"@type":"ReadAction","target":["https:\/\/www.zircontree.com\/cs\/backend-engineer-medior-2\/"]}]},{"@type":"BreadcrumbList","@id":"https:\/\/www.zircontree.com\/cs\/backend-engineer-medior-2\/#breadcrumb","itemListElement":[{"@type":"ListItem","position":1,"name":"Domovsk\u00e1 str\u00e1nka","item":"https:\/\/www.zircontree.com\/cs\/"},{"@type":"ListItem","position":2,"name":"Backend Engineer (Medior)"}]},{"@type":"WebSite","@id":"https:\/\/www.zircontree.com\/#website","url":"https:\/\/www.zircontree.com\/","name":"Zircon Tree","description":"","potentialAction":[{"@type":"SearchAction","target":{"@type":"EntryPoint","urlTemplate":"https:\/\/www.zircontree.com\/?s={search_term_string}"},"query-input":{"@type":"PropertyValueSpecification","valueRequired":true,"valueName":"search_term_string"}}],"inLanguage":"cs"}]}},"_links":{"self":[{"href":"https:\/\/www.zircontree.com\/cs\/wp-json\/wp\/v2\/pages\/1886","targetHints":{"allow":["GET"]}}],"collection":[{"href":"https:\/\/www.zircontree.com\/cs\/wp-json\/wp\/v2\/pages"}],"about":[{"href":"https:\/\/www.zircontree.com\/cs\/wp-json\/wp\/v2\/types\/page"}],"author":[{"embeddable":true,"href":"https:\/\/www.zircontree.com\/cs\/wp-json\/wp\/v2\/users\/5"}],"replies":[{"embeddable":true,"href":"https:\/\/www.zircontree.com\/cs\/wp-json\/wp\/v2\/comments?post=1886"}],"version-history":[{"count":1,"href":"https:\/\/www.zircontree.com\/cs\/wp-json\/wp\/v2\/pages\/1886\/revisions"}],"predecessor-version":[{"id":1889,"href":"https:\/\/www.zircontree.com\/cs\/wp-json\/wp\/v2\/pages\/1886\/revisions\/1889"}],"wp:attachment":[{"href":"https:\/\/www.zircontree.com\/cs\/wp-json\/wp\/v2\/media?parent=1886"}],"curies":[{"name":"wp","href":"https:\/\/api.w.org\/{rel}","templated":true}]}}